{"id":35,"date":"2023-01-04T16:12:51","date_gmt":"2023-01-04T15:12:51","guid":{"rendered":"http:\/\/synolas.fr\/wordpress\/?page_id=35"},"modified":"2023-01-11T15:43:46","modified_gmt":"2023-01-11T14:43:46","slug":"pageb-3","status":"publish","type":"page","link":"https:\/\/synolas.fr\/wordpress\/?page_id=35","title":{"rendered":"PEUGEOT 401 DL"},"content":{"rendered":"<p><\/p>\n\n\n<\/p>\n<h2><strong>Il \u00e9tait heureux Antoine lorsqu&rsquo;en d\u00e9cembre 1934\u00a0 il revint de Sochaux au volant de ce magnifique v\u00e9hicule immatricul\u00e9 \u00e0 ses initiales &#8230;<\/strong><\/h2>\n<p>\n\n\n\n<\/p>\n<figure><img decoding=\"async\" src=\"https:\/\/synolas.fr\/wp-content\/uploads\/2023\/01\/IMG20220212153620-768x1024.jpg\" alt=\"\" \/><\/figure>\n<p>\n\n\n\n<\/p>\n<figure><img decoding=\"async\" src=\"https:\/\/synolas.fr\/wp-content\/uploads\/2023\/01\/IMG20220212153250-768x1024.jpg\" alt=\"\" \/><\/figure>\n<p>\n\n\n<p><\/p>","protected":false},"excerpt":{"rendered":"<p>Il \u00e9tait heureux Antoine lorsqu&rsquo;en d\u00e9cembre 1934\u00a0 il revint de Sochaux au volant de ce magnifique v\u00e9hicule immatricul\u00e9 \u00e0 ses initiales &#8230;<\/p>\n","protected":false},"author":1,"featured_media":0,"parent":0,"menu_order":0,"comment_status":"closed","ping_status":"closed","template":"template\/page-builder.php","meta":{"footnotes":""},"class_list":["post-35","page","type-page","status-publish","hentry"],"_links":{"self":[{"href":"https:\/\/synolas.fr\/wordpress\/index.php?rest_route=\/wp\/v2\/pages\/35","targetHints":{"allow":["GET"]}}],"collection":[{"href":"https:\/\/synolas.fr\/wordpress\/index.php?rest_route=\/wp\/v2\/pages"}],"about":[{"href":"https:\/\/synolas.fr\/wordpress\/index.php?rest_route=\/wp\/v2\/types\/page"}],"author":[{"embeddable":true,"href":"https:\/\/synolas.fr\/wordpress\/index.php?rest_route=\/wp\/v2\/users\/1"}],"replies":[{"embeddable":true,"href":"https:\/\/synolas.fr\/wordpress\/index.php?rest_route=%2Fwp%2Fv2%2Fcomments&post=35"}],"version-history":[{"count":16,"href":"https:\/\/synolas.fr\/wordpress\/index.php?rest_route=\/wp\/v2\/pages\/35\/revisions"}],"predecessor-version":[{"id":322,"href":"https:\/\/synolas.fr\/wordpress\/index.php?rest_route=\/wp\/v2\/pages\/35\/revisions\/322"}],"wp:attachment":[{"href":"https:\/\/synolas.fr\/wordpress\/index.php?rest_route=%2Fwp%2Fv2%2Fmedia&parent=35"}],"curies":[{"name":"wp","href":"https:\/\/api.w.org\/{rel}","templated":true}]}}