{"id":2,"date":"2023-01-02T23:33:22","date_gmt":"2023-01-02T22:33:22","guid":{"rendered":"http:\/\/192.168.3.188\/wordpress\/?page_id=2"},"modified":"2023-01-12T17:41:40","modified_gmt":"2023-01-12T16:41:40","slug":"intro","status":"publish","type":"page","link":"https:\/\/synolas.fr\/wordpress\/?page_id=2","title":{"rendered":"Pourquoi Synolas?"},"content":{"rendered":"\n<h2 class=\"wp-block-heading\">Pourquoi Synolas?<\/h2>\n\n\n\n<div class=\"wp-block-columns is-layout-flex wp-container-core-columns-is-layout-28f84493 wp-block-columns-is-layout-flex\">\n<div class=\"wp-block-column is-layout-flow wp-block-column-is-layout-flow\" style=\"flex-basis:13.05%\"><\/div>\n\n\n\n<div class=\"wp-block-column is-layout-flow wp-block-column-is-layout-flow\" style=\"flex-basis:57.95%\">\n<p class=\"has-luminous-vivid-amber-color has-text-color\" style=\"font-style:normal;font-weight:600\">   J&rsquo;ai, depuis longtemps, pris le pseudo de \u00ab\u00a0Laservert\u00a0\u00bb et m&rsquo;en suis d\u00e9j\u00e0 expliqu\u00e9 lors de premiers essais de r\u00e9alisation de sites web et en particulier \u00ab\u00a0laservert.net\u00a0\u00bb consacr\u00e9 \u00e0 la \u00ab\u00a0Rue Pinaigrer\u00a0\u00bb et \u00e0 \u00ab\u00a0Translab2\u00a0\u00bb.  <\/p>\n\n\n\n<p class=\"has-luminous-vivid-amber-color has-text-color\" style=\"font-style:normal;font-weight:600\"><strong>Synolas <\/strong>r\u00e9sulte simplement d&rsquo;une \u00ab\u00a0connetraction\u00a0\u00bb entre Synology, nom de mon NAS, et le speudo \u00ab\u00a0Laservert\u00a0\u00bb . <\/p>\n\n\n\n<p class=\"has-luminous-vivid-amber-color has-text-color\" style=\"font-style:normal;font-weight:600\"> <strong>Laservert<\/strong> : il y a bien longtemps un faisceau laser \u00e9clairait la ville du haut de la Tranch\u00e9e. J&rsquo;ai alors pens\u00e9 qu&rsquo;il \u00e9tait l\u00e0 pour donner \u00e0 la jeunesse le go\u00fbt d&rsquo;entreprendre&#8230;   <\/p>\n\n\n\n<p class=\"has-luminous-vivid-amber-color has-text-color\" style=\"font-style:normal;font-weight:600\">En guise de signature, quoi de mieux qu&rsquo;un \u00ab\u00a0l\u00e9zard vert\u00a0\u00bb ?<\/p>\n\n\n\n<figure class=\"wp-block-image size-large\"><img loading=\"lazy\" decoding=\"async\" width=\"167\" height=\"142\" src=\"https:\/\/synolas.fr\/wp-content\/uploads\/2023\/01\/image002.jpg\" alt=\"\" class=\"wp-image-15\"\/><\/figure>\n<\/div>\n\n\n\n<div class=\"wp-block-column is-layout-flow wp-block-column-is-layout-flow\" style=\"flex-basis:29%\"><\/div>\n<\/div>\n","protected":false},"excerpt":{"rendered":"<p>Pourquoi Synolas? J&rsquo;ai, depuis longtemps, pris le pseudo de \u00ab\u00a0Laservert\u00a0\u00bb et m&rsquo;en suis d\u00e9j\u00e0 expliqu\u00e9 lors de premiers essais de r\u00e9alisation de sites web et en particulier \u00ab\u00a0laservert.net\u00a0\u00bb consacr\u00e9 \u00e0 la \u00ab\u00a0Rue Pinaigrer\u00a0\u00bb et \u00e0 \u00ab\u00a0Translab2\u00a0\u00bb. Synolas r\u00e9sulte simplement d&rsquo;une \u00ab\u00a0connetraction\u00a0\u00bb entre Synology, nom de mon NAS, et le speudo \u00ab\u00a0Laservert\u00a0\u00bb . Laservert : il [&hellip;]<\/p>\n","protected":false},"author":1,"featured_media":0,"parent":0,"menu_order":0,"comment_status":"closed","ping_status":"closed","template":"template\/page-builder.php","meta":{"footnotes":""},"class_list":["post-2","page","type-page","status-publish","hentry"],"_links":{"self":[{"href":"https:\/\/synolas.fr\/wordpress\/index.php?rest_route=\/wp\/v2\/pages\/2","targetHints":{"allow":["GET"]}}],"collection":[{"href":"https:\/\/synolas.fr\/wordpress\/index.php?rest_route=\/wp\/v2\/pages"}],"about":[{"href":"https:\/\/synolas.fr\/wordpress\/index.php?rest_route=\/wp\/v2\/types\/page"}],"author":[{"embeddable":true,"href":"https:\/\/synolas.fr\/wordpress\/index.php?rest_route=\/wp\/v2\/users\/1"}],"replies":[{"embeddable":true,"href":"https:\/\/synolas.fr\/wordpress\/index.php?rest_route=%2Fwp%2Fv2%2Fcomments&post=2"}],"version-history":[{"count":14,"href":"https:\/\/synolas.fr\/wordpress\/index.php?rest_route=\/wp\/v2\/pages\/2\/revisions"}],"predecessor-version":[{"id":416,"href":"https:\/\/synolas.fr\/wordpress\/index.php?rest_route=\/wp\/v2\/pages\/2\/revisions\/416"}],"wp:attachment":[{"href":"https:\/\/synolas.fr\/wordpress\/index.php?rest_route=%2Fwp%2Fv2%2Fmedia&parent=2"}],"curies":[{"name":"wp","href":"https:\/\/api.w.org\/{rel}","templated":true}]}}