{"id":11,"date":"2023-01-05T08:02:26","date_gmt":"2023-01-05T07:02:26","guid":{"rendered":"http:\/\/synolas.fr\/wordpress\/?page_id=11"},"modified":"2023-01-05T11:25:31","modified_gmt":"2023-01-05T10:25:31","slug":"rue-pinaigrier","status":"publish","type":"page","link":"https:\/\/synolas.fr\/wordpress\/?page_id=11","title":{"rendered":"Rue Pinaigrier"},"content":{"rendered":"\n<h2 class=\"wp-block-heading\">Coeur de ville<\/h2>\n\n\n\n<figure class=\"wp-block-image size-large\"><img loading=\"lazy\" decoding=\"async\" width=\"917\" height=\"190\" src=\"https:\/\/synolas.fr\/wp-content\/uploads\/2023\/01\/rue_p2.png\" alt=\"\" class=\"wp-image-91\" srcset=\"http:\/\/192.168.3.188\/wordpress\/wp-content\/uploads\/2023\/01\/rue_p2.png 917w, http:\/\/192.168.3.188\/wordpress\/wp-content\/uploads\/2023\/01\/rue_p2-300x62.png 300w, http:\/\/192.168.3.188\/wordpress\/wp-content\/uploads\/2023\/01\/rue_p2-768x159.png 768w\" sizes=\"auto, (max-width: 917px) 100vw, 917px\" \/><\/figure>\n\n\n\n<figure class=\"wp-block-image size-large\"><img loading=\"lazy\" decoding=\"async\" width=\"789\" height=\"593\" src=\"https:\/\/synolas.fr\/wp-content\/uploads\/2023\/01\/cadastre_1864_2.jpg\" alt=\"\" class=\"wp-image-90\" srcset=\"http:\/\/192.168.3.188\/wordpress\/wp-content\/uploads\/2023\/01\/cadastre_1864_2.jpg 789w, http:\/\/192.168.3.188\/wordpress\/wp-content\/uploads\/2023\/01\/cadastre_1864_2-300x225.jpg 300w, http:\/\/192.168.3.188\/wordpress\/wp-content\/uploads\/2023\/01\/cadastre_1864_2-768x577.jpg 768w\" sizes=\"auto, (max-width: 789px) 100vw, 789px\" \/><\/figure>\n\n\n\n<p><strong>Maintenant un peu plus peupl\u00e9e qu&rsquo;\u00e0 la fin du 19\u00e8me!<\/strong><\/p>\n\n\n\n<figure class=\"wp-block-image size-large\"><img loading=\"lazy\" decoding=\"async\" width=\"762\" height=\"590\" src=\"https:\/\/synolas.fr\/wp-content\/uploads\/2023\/01\/wms.png\" alt=\"\" class=\"wp-image-92\" srcset=\"http:\/\/192.168.3.188\/wordpress\/wp-content\/uploads\/2023\/01\/wms.png 762w, http:\/\/192.168.3.188\/wordpress\/wp-content\/uploads\/2023\/01\/wms-300x232.png 300w\" sizes=\"auto, (max-width: 762px) 100vw, 762px\" \/><\/figure>\n\n\n\n<figure class=\"wp-block-image size-large\"><img loading=\"lazy\" decoding=\"async\" width=\"111\" height=\"66\" src=\"https:\/\/synolas.fr\/wp-content\/uploads\/2023\/01\/rue_pi.jpg\" alt=\"\" class=\"wp-image-89\"\/><\/figure>\n","protected":false},"excerpt":{"rendered":"<p>Coeur de ville Maintenant un peu plus peupl\u00e9e qu&rsquo;\u00e0 la fin du 19\u00e8me!<\/p>\n","protected":false},"author":1,"featured_media":0,"parent":0,"menu_order":0,"comment_status":"closed","ping_status":"closed","template":"template\/fullwidth.php","meta":{"footnotes":""},"class_list":["post-11","page","type-page","status-publish","hentry"],"_links":{"self":[{"href":"https:\/\/synolas.fr\/wordpress\/index.php?rest_route=\/wp\/v2\/pages\/11","targetHints":{"allow":["GET"]}}],"collection":[{"href":"https:\/\/synolas.fr\/wordpress\/index.php?rest_route=\/wp\/v2\/pages"}],"about":[{"href":"https:\/\/synolas.fr\/wordpress\/index.php?rest_route=\/wp\/v2\/types\/page"}],"author":[{"embeddable":true,"href":"https:\/\/synolas.fr\/wordpress\/index.php?rest_route=\/wp\/v2\/users\/1"}],"replies":[{"embeddable":true,"href":"https:\/\/synolas.fr\/wordpress\/index.php?rest_route=%2Fwp%2Fv2%2Fcomments&post=11"}],"version-history":[{"count":3,"href":"https:\/\/synolas.fr\/wordpress\/index.php?rest_route=\/wp\/v2\/pages\/11\/revisions"}],"predecessor-version":[{"id":149,"href":"https:\/\/synolas.fr\/wordpress\/index.php?rest_route=\/wp\/v2\/pages\/11\/revisions\/149"}],"wp:attachment":[{"href":"https:\/\/synolas.fr\/wordpress\/index.php?rest_route=%2Fwp%2Fv2%2Fmedia&parent=11"}],"curies":[{"name":"wp","href":"https:\/\/api.w.org\/{rel}","templated":true}]}}