{"id":106,"date":"2023-01-05T07:53:30","date_gmt":"2023-01-05T06:53:30","guid":{"rendered":"http:\/\/synolas.fr\/wordpress\/?page_id=106"},"modified":"2023-01-24T08:36:31","modified_gmt":"2023-01-24T07:36:31","slug":"elucubration","status":"publish","type":"page","link":"https:\/\/synolas.fr\/wordpress\/?page_id=106","title":{"rendered":"Elucubration"},"content":{"rendered":"\n<figure class=\"wp-block-table has-large-font-size\" style=\"font-style:normal;font-weight:600\"><table class=\"has-luminous-vivid-amber-color has-text-color\"><tbody><tr><td><\/td><td class=\"has-text-align-center\" data-align=\"center\"><strong> Inspir\u00e9 par de longs s\u00e9jours pass\u00e9s devant un \u00e9cran&#8230; <\/strong><\/td><td><\/td><\/tr><\/tbody><\/table><\/figure>\n\n\n\n<figure class=\"wp-block-image size-large is-resized is-style-default\"><img loading=\"lazy\" decoding=\"async\" src=\"https:\/\/synolas.fr\/wp-content\/uploads\/2023\/01\/chronophage-768x1024.jpg\" alt=\"\" class=\"wp-image-97\" width=\"768\" height=\"1024\" srcset=\"http:\/\/192.168.3.188\/wordpress\/wp-content\/uploads\/2023\/01\/chronophage-768x1024.jpg 768w, http:\/\/192.168.3.188\/wordpress\/wp-content\/uploads\/2023\/01\/chronophage-225x300.jpg 225w, http:\/\/192.168.3.188\/wordpress\/wp-content\/uploads\/2023\/01\/chronophage-1152x1536.jpg 1152w, http:\/\/192.168.3.188\/wordpress\/wp-content\/uploads\/2023\/01\/chronophage-1536x2048.jpg 1536w, http:\/\/192.168.3.188\/wordpress\/wp-content\/uploads\/2023\/01\/chronophage.jpg 1704w\" sizes=\"auto, (max-width: 768px) 100vw, 768px\" \/><figcaption class=\"wp-element-caption\"><strong><mark style=\"background-color:rgba(0, 0, 0, 0)\" class=\"has-inline-color has-luminous-vivid-amber-color\">LE CHRONOPHAGE<\/mark><\/strong><\/figcaption><\/figure>\n","protected":false},"excerpt":{"rendered":"<p>Inspir\u00e9 par de longs s\u00e9jours pass\u00e9s devant un \u00e9cran&#8230;<\/p>\n","protected":false},"author":1,"featured_media":0,"parent":0,"menu_order":0,"comment_status":"closed","ping_status":"closed","template":"elementor_header_footer","meta":{"footnotes":""},"class_list":["post-106","page","type-page","status-publish","hentry"],"_links":{"self":[{"href":"https:\/\/synolas.fr\/wordpress\/index.php?rest_route=\/wp\/v2\/pages\/106","targetHints":{"allow":["GET"]}}],"collection":[{"href":"https:\/\/synolas.fr\/wordpress\/index.php?rest_route=\/wp\/v2\/pages"}],"about":[{"href":"https:\/\/synolas.fr\/wordpress\/index.php?rest_route=\/wp\/v2\/types\/page"}],"author":[{"embeddable":true,"href":"https:\/\/synolas.fr\/wordpress\/index.php?rest_route=\/wp\/v2\/users\/1"}],"replies":[{"embeddable":true,"href":"https:\/\/synolas.fr\/wordpress\/index.php?rest_route=%2Fwp%2Fv2%2Fcomments&post=106"}],"version-history":[{"count":11,"href":"https:\/\/synolas.fr\/wordpress\/index.php?rest_route=\/wp\/v2\/pages\/106\/revisions"}],"predecessor-version":[{"id":376,"href":"https:\/\/synolas.fr\/wordpress\/index.php?rest_route=\/wp\/v2\/pages\/106\/revisions\/376"}],"wp:attachment":[{"href":"https:\/\/synolas.fr\/wordpress\/index.php?rest_route=%2Fwp%2Fv2%2Fmedia&parent=106"}],"curies":[{"name":"wp","href":"https:\/\/api.w.org\/{rel}","templated":true}]}}